{"id":23727,"date":"2019-02-24T22:22:45","date_gmt":"2019-02-24T21:22:45","guid":{"rendered":"https:\/\/inbeeldenco.nl\/?post_type=product&#038;p=23727"},"modified":"2019-02-24T22:22:46","modified_gmt":"2019-02-24T21:22:46","slug":"haaaatsjie","status":"publish","type":"product","link":"https:\/\/inbeeldenco.nl\/?product=haaaatsjie","title":{"rendered":"H\u00e1\u00e1\u00e1\u00e1tsjie!"},"content":{"rendered":"","protected":false},"excerpt":{"rendered":"","protected":false},"featured_media":23730,"comment_status":"closed","ping_status":"closed","template":"","meta":[],"product_brand":[],"product_cat":[306,4665,233],"product_tag":[9134,398,6261,4737,1601],"class_list":{"0":"post-23727","1":"product","2":"type-product","3":"status-publish","4":"has-post-thumbnail","6":"product_cat-biologie","7":"product_cat-gezondheid-en-ziekte","8":"product_cat-klimaat","9":"product_tag-hooiikoortsallergie","10":"product_tag-pollen","11":"product_tag-pollenkalender","12":"product_tag-rob-hesseling","13":"product_tag-voorjaar","15":"first","16":"instock","17":"shipping-taxable","18":"purchasable","19":"product-type-simple"},"_links":{"self":[{"href":"https:\/\/inbeeldenco.nl\/index.php?rest_route=\/wp\/v2\/product\/23727","targetHints":{"allow":["GET"]}}],"collection":[{"href":"https:\/\/inbeeldenco.nl\/index.php?rest_route=\/wp\/v2\/product"}],"about":[{"href":"https:\/\/inbeeldenco.nl\/index.php?rest_route=\/wp\/v2\/types\/product"}],"replies":[{"embeddable":true,"href":"https:\/\/inbeeldenco.nl\/index.php?rest_route=%2Fwp%2Fv2%2Fcomments&post=23727"}],"wp:featuredmedia":[{"embeddable":true,"href":"https:\/\/inbeeldenco.nl\/index.php?rest_route=\/wp\/v2\/media\/23730"}],"wp:attachment":[{"href":"https:\/\/inbeeldenco.nl\/index.php?rest_route=%2Fwp%2Fv2%2Fmedia&parent=23727"}],"wp:term":[{"taxonomy":"product_brand","embeddable":true,"href":"https:\/\/inbeeldenco.nl\/index.php?rest_route=%2Fwp%2Fv2%2Fproduct_brand&post=23727"},{"taxonomy":"product_cat","embeddable":true,"href":"https:\/\/inbeeldenco.nl\/index.php?rest_route=%2Fwp%2Fv2%2Fproduct_cat&post=23727"},{"taxonomy":"product_tag","embeddable":true,"href":"https:\/\/inbeeldenco.nl\/index.php?rest_route=%2Fwp%2Fv2%2Fproduct_tag&post=23727"}],"curies":[{"name":"wp","href":"https:\/\/api.w.org\/{rel}","templated":true}]}}